{"id":7832,"date":"2019-10-16T07:59:19","date_gmt":"2019-10-16T11:59:19","guid":{"rendered":"https:\/\/ld-wp73.template-help.com\/beclinic\/skin_1\/?page_id=7832"},"modified":"2024-04-11T09:40:14","modified_gmt":"2024-04-11T13:40:14","slug":"la-pharmacie-torani-et-haddad-specpharma-contact","status":"publish","type":"page","link":"https:\/\/spec-pharma.ca\/en\/la-pharmacie-torani-et-haddad-specpharma-contact\/","title":{"rendered":"Contact"},"content":{"rendered":"\t\t<div data-elementor-type=\"wp-page\" data-elementor-id=\"7832\" class=\"elementor elementor-7832\">\n\t\t\t\t\t\t<section data-exad-particle-enable=\"false\" class=\"elementor-section elementor-top-section elementor-element elementor-element-522118b elementor-section-boxed elementor-section-height-default elementor-section-height-default exad-parallax-effect-no exad-background-color-change-no exad-glass-effect-no exad-sticky-section-no\" data-id=\"522118b\" data-element_type=\"section\" data-e-type=\"section\">\n\t\t\t\t\t\t<div class=\"elementor-container elementor-column-gap-default\">\n\t\t\t\t\t<div class=\"elementor-column elementor-col-100 elementor-top-column elementor-element elementor-element-cf2fba0 exad-glass-effect-no exad-sticky-section-no\" data-id=\"cf2fba0\" data-element_type=\"column\" data-e-type=\"column\">\n\t\t\t<div class=\"elementor-widget-wrap elementor-element-populated\">\n\t\t\t\t\t\t<div class=\"elementor-element elementor-element-aed9e6c exad-sticky-section-no exad-glass-effect-no elementor-widget elementor-widget-heading\" data-id=\"aed9e6c\" data-element_type=\"widget\" data-e-type=\"widget\" data-widget_type=\"heading.default\">\n\t\t\t\t<div class=\"elementor-widget-container\">\n\t\t\t\t\t<h1 class=\"elementor-heading-title elementor-size-default\">Contactez-nous partout au Qu\u00e9bec<\/h1>\t\t\t\t<\/div>\n\t\t\t\t<\/div>\n\t\t\t\t<div class=\"elementor-element elementor-element-28d469c elementor-widget-divider--view-line exad-sticky-section-no exad-glass-effect-no elementor-widget elementor-widget-divider\" data-id=\"28d469c\" data-element_type=\"widget\" data-e-type=\"widget\" data-widget_type=\"divider.default\">\n\t\t\t\t<div class=\"elementor-widget-container\">\n\t\t\t\t\t\t\t<div class=\"elementor-divider\">\n\t\t\t<span class=\"elementor-divider-separator\">\n\t\t\t\t\t\t<\/span>\n\t\t<\/div>\n\t\t\t\t\t\t<\/div>\n\t\t\t\t<\/div>\n\t\t\t\t<section data-exad-particle-enable=\"false\" class=\"elementor-section elementor-inner-section elementor-element elementor-element-c176728 elementor-section-boxed elementor-section-height-default elementor-section-height-default exad-parallax-effect-no exad-background-color-change-no exad-glass-effect-no exad-sticky-section-no\" data-id=\"c176728\" data-element_type=\"section\" data-e-type=\"section\">\n\t\t\t\t\t\t<div class=\"elementor-container elementor-column-gap-default\">\n\t\t\t\t\t<div class=\"elementor-column elementor-col-50 elementor-inner-column elementor-element elementor-element-0ac3031 exad-glass-effect-no exad-sticky-section-no\" data-id=\"0ac3031\" data-element_type=\"column\" data-e-type=\"column\">\n\t\t\t<div class=\"elementor-widget-wrap elementor-element-populated\">\n\t\t\t\t\t\t<div class=\"elementor-element elementor-element-2393d2e exad-sticky-section-no exad-glass-effect-no elementor-widget elementor-widget-heading\" data-id=\"2393d2e\" data-element_type=\"widget\" data-e-type=\"widget\" data-widget_type=\"heading.default\">\n\t\t\t\t<div class=\"elementor-widget-container\">\n\t\t\t\t\t<h2 class=\"elementor-heading-title elementor-size-default\">Succursale de Montr\u00e9al<\/h2>\t\t\t\t<\/div>\n\t\t\t\t<\/div>\n\t\t\t\t<div class=\"elementor-element elementor-element-0543705 exad-sticky-section-no exad-glass-effect-no elementor-widget elementor-widget-text-editor\" data-id=\"0543705\" data-element_type=\"widget\" data-e-type=\"widget\" data-widget_type=\"text-editor.default\">\n\t\t\t\t<div class=\"elementor-widget-container\">\n\t\t\t\t\t\t\t\t\t<p><strong>Adresse:<\/strong> 8500 D\u00e9carie, Suite 100, Montr\u00e9al, QC H4P 2N2<\/p><p><strong>Heures d&rsquo;ouverture:<\/strong><br \/>Lundi au Vendredi de 8:30 &#8211; 19:00<br \/><span style=\"letter-spacing: 0px;\">Samedi de 10:00 &#8211; 17:00<\/span><\/p><p><strong>T\u00e9l\u00e9phone: <\/strong><a href=\"tel:514-526-7773\">514-526-7773<\/a><br \/><strong>Sans frais: <\/strong><a href=\"tel:1-844-526-7771\">1-844-526-7771<\/a><strong><br \/>Fax g\u00e9n\u00e9ral:<\/strong>\u00a0438-382-7500<br \/><strong>Fax st\u00e9rile<\/strong>: 514-312-9119<\/p><p><strong>Courriel: <\/strong><a href=\"mailto:info@spec-pharma.ca\" target=\"_blank\" rel=\"noopener\">info@spec-pharma.ca<\/a><\/p>\t\t\t\t\t\t\t\t<\/div>\n\t\t\t\t<\/div>\n\t\t\t\t\t<\/div>\n\t\t<\/div>\n\t\t\t\t<div class=\"elementor-column elementor-col-50 elementor-inner-column elementor-element elementor-element-8ce415f exad-glass-effect-no exad-sticky-section-no\" data-id=\"8ce415f\" data-element_type=\"column\" data-e-type=\"column\">\n\t\t\t<div class=\"elementor-widget-wrap elementor-element-populated\">\n\t\t\t\t\t\t<div class=\"elementor-element elementor-element-d96a212 exad-sticky-section-no exad-glass-effect-no elementor-widget elementor-widget-heading\" data-id=\"d96a212\" data-element_type=\"widget\" data-e-type=\"widget\" data-widget_type=\"heading.default\">\n\t\t\t\t<div class=\"elementor-widget-container\">\n\t\t\t\t\t<h2 class=\"elementor-heading-title elementor-size-default\">Succursale de Qu\u00e9bec<\/h2>\t\t\t\t<\/div>\n\t\t\t\t<\/div>\n\t\t\t\t<div class=\"elementor-element elementor-element-5b8c4e1 exad-sticky-section-no exad-glass-effect-no elementor-widget elementor-widget-text-editor\" data-id=\"5b8c4e1\" data-element_type=\"widget\" data-e-type=\"widget\" data-widget_type=\"text-editor.default\">\n\t\t\t\t<div class=\"elementor-widget-container\">\n\t\t\t\t\t\t\t\t\t<p><strong>Adresse:<\/strong> 2780 Henri-Bourassa, Qu\u00e9bec, QC, G1J 3X3<\/p><p><strong>Heures d&rsquo;ouverture:<\/strong><br \/>Lundi au Vendredi de 9:00 &#8211; 17:00<br \/><span style=\"letter-spacing: 0px;\">Fin de semaine : <strong>Ferm\u00e9<\/strong>\u00a0<\/span><\/p><p><strong>T\u00e9l\u00e9phone: <\/strong><a href=\"tel:1-844-526-7771\">1-844-526-7771<\/a><strong><br \/>Fax:<\/strong> 418-476-4647<\/p><p><strong>Courriel: <\/strong><a href=\"mailto:pharmaquebec@spec-pharma.ca\" target=\"_blank\" rel=\"noopener\">pharmaquebec@spec-pharma.ca<\/a><\/p>\t\t\t\t\t\t\t\t<\/div>\n\t\t\t\t<\/div>\n\t\t\t\t\t<\/div>\n\t\t<\/div>\n\t\t\t\t\t<\/div>\n\t\t<\/section>\n\t\t\t\t\t<\/div>\n\t\t<\/div>\n\t\t\t\t\t<\/div>\n\t\t<\/section>\n\t\t\t\t<section data-exad-particle-enable=\"false\" class=\"elementor-section elementor-top-section elementor-element elementor-element-dbd905d elementor-reverse-tablet elementor-reverse-mobile elementor-section-boxed elementor-section-height-default elementor-section-height-default exad-parallax-effect-no exad-background-color-change-no exad-glass-effect-no exad-sticky-section-no\" data-id=\"dbd905d\" data-element_type=\"section\" data-e-type=\"section\">\n\t\t\t\t\t\t<div class=\"elementor-container elementor-column-gap-extended\">\n\t\t\t\t\t<div class=\"elementor-column elementor-col-50 elementor-top-column elementor-element elementor-element-6951c15 exad-glass-effect-no exad-sticky-section-no\" data-id=\"6951c15\" data-element_type=\"column\" data-e-type=\"column\">\n\t\t\t<div class=\"elementor-widget-wrap elementor-element-populated\">\n\t\t\t\t\t\t<div class=\"elementor-element elementor-element-73f5b18 exad-sticky-section-no exad-glass-effect-no elementor-widget elementor-widget-heading\" data-id=\"73f5b18\" data-element_type=\"widget\" data-e-type=\"widget\" data-widget_type=\"heading.default\">\n\t\t\t\t<div class=\"elementor-widget-container\">\n\t\t\t\t\t<h1 class=\"elementor-heading-title elementor-size-default\">Faites livrer votre traitement gratuitement partout au Qu\u00e9bec!<\/h1>\t\t\t\t<\/div>\n\t\t\t\t<\/div>\n\t\t\t\t<div class=\"elementor-element elementor-element-6c8ef2e exad-sticky-section-no exad-glass-effect-no elementor-widget elementor-widget-text-editor\" data-id=\"6c8ef2e\" data-element_type=\"widget\" data-e-type=\"widget\" data-widget_type=\"text-editor.default\">\n\t\t\t\t<div class=\"elementor-widget-container\">\n\t\t\t\t\t\t\t\t\t<p><strong>La pharmacie Torani et Haddad<\/strong>\u00a0vous offre une livraison gratuite, rapide, s\u00e9curitaire et discr\u00e8te partout au Qu\u00e9bec.<\/p><p><strong>Service d\u2019urgence<\/strong><\/p><p><strong>Proc\u00e9dures s\u00e9curitaires et strictes<\/strong><\/p><p><strong>Envois r\u00e9frig\u00e9r\u00e9s lorsque le m\u00e9dicament le requiert<\/strong><\/p><p><strong>Emballage saisonnier selon la temp\u00e9rature ext\u00e9rieure pour prot\u00e9ger les m\u00e9dicaments.<\/strong><\/p>\t\t\t\t\t\t\t\t<\/div>\n\t\t\t\t<\/div>\n\t\t\t\t\t<\/div>\n\t\t<\/div>\n\t\t\t\t<div class=\"elementor-column elementor-col-50 elementor-top-column elementor-element elementor-element-12b0df7 exad-glass-effect-no exad-sticky-section-no\" data-id=\"12b0df7\" data-element_type=\"column\" data-e-type=\"column\">\n\t\t\t<div class=\"elementor-widget-wrap elementor-element-populated\">\n\t\t\t\t\t\t<div class=\"elementor-element elementor-element-2a433ff exad-sticky-section-no exad-glass-effect-no elementor-widget elementor-widget-image\" data-id=\"2a433ff\" data-element_type=\"widget\" data-e-type=\"widget\" data-widget_type=\"image.default\">\n\t\t\t\t<div class=\"elementor-widget-container\">\n\t\t\t\t\t\t\t\t\t\t\t\t\t\t\t<img fetchpriority=\"high\" decoding=\"async\" width=\"1044\" height=\"1080\" src=\"https:\/\/spec-pharma.ca\/wp-content\/uploads\/2022\/01\/SpecPharma-Delivery.jpg\" class=\"attachment-full size-full wp-image-17255\" alt=\"\" srcset=\"https:\/\/spec-pharma.ca\/wp-content\/uploads\/2022\/01\/SpecPharma-Delivery.jpg 1044w, https:\/\/spec-pharma.ca\/wp-content\/uploads\/2022\/01\/SpecPharma-Delivery-290x300.jpg 290w, https:\/\/spec-pharma.ca\/wp-content\/uploads\/2022\/01\/SpecPharma-Delivery-990x1024.jpg 990w, https:\/\/spec-pharma.ca\/wp-content\/uploads\/2022\/01\/SpecPharma-Delivery-768x794.jpg 768w, https:\/\/spec-pharma.ca\/wp-content\/uploads\/2022\/01\/SpecPharma-Delivery-12x12.jpg 12w\" sizes=\"(max-width: 1044px) 100vw, 1044px\" \/>\t\t\t\t\t\t\t\t\t\t\t\t\t\t\t<\/div>\n\t\t\t\t<\/div>\n\t\t\t\t\t<\/div>\n\t\t<\/div>\n\t\t\t\t\t<\/div>\n\t\t<\/section>\n\t\t\t\t<section data-exad-particle-enable=\"false\" class=\"elementor-section elementor-top-section elementor-element elementor-element-4da6cd5 elementor-section-stretched elementor-section-boxed elementor-section-height-default elementor-section-height-default exad-parallax-effect-no exad-background-color-change-no exad-glass-effect-no exad-sticky-section-no\" data-id=\"4da6cd5\" data-element_type=\"section\" data-e-type=\"section\" data-settings=\"{&quot;background_background&quot;:&quot;classic&quot;,&quot;stretch_section&quot;:&quot;section-stretched&quot;}\">\n\t\t\t\t\t\t\t<div class=\"elementor-background-overlay\"><\/div>\n\t\t\t\t\t\t\t<div class=\"elementor-container elementor-column-gap-extended\">\n\t\t\t\t\t<div class=\"elementor-column elementor-col-100 elementor-top-column elementor-element elementor-element-8c96498 exad-glass-effect-no exad-sticky-section-no\" data-id=\"8c96498\" data-element_type=\"column\" data-e-type=\"column\">\n\t\t\t<div class=\"elementor-widget-wrap elementor-element-populated\">\n\t\t\t\t\t\t<div class=\"elementor-element elementor-element-90572ca exad-sticky-section-no exad-glass-effect-no elementor-widget elementor-widget-heading\" data-id=\"90572ca\" data-element_type=\"widget\" data-e-type=\"widget\" data-widget_type=\"heading.default\">\n\t\t\t\t<div class=\"elementor-widget-container\">\n\t\t\t\t\t<h4 class=\"elementor-heading-title elementor-size-default\">Utilisez le formulaire, c'est facile et s\u00e9curitaire!<\/h4>\t\t\t\t<\/div>\n\t\t\t\t<\/div>\n\t\t\t\t<div class=\"elementor-element elementor-element-d8e7838 elementor-widget-divider--view-line exad-sticky-section-no exad-glass-effect-no elementor-widget elementor-widget-divider\" data-id=\"d8e7838\" data-element_type=\"widget\" data-e-type=\"widget\" data-widget_type=\"divider.default\">\n\t\t\t\t<div class=\"elementor-widget-container\">\n\t\t\t\t\t\t\t<div class=\"elementor-divider\">\n\t\t\t<span class=\"elementor-divider-separator\">\n\t\t\t\t\t\t<\/span>\n\t\t<\/div>\n\t\t\t\t\t\t<\/div>\n\t\t\t\t<\/div>\n\t\t\t\t<div class=\"elementor-element elementor-element-5cf98a2 elementor-button-align-center elementor-mobile-button-align-center exad-sticky-section-no exad-glass-effect-no elementor-widget elementor-widget-form\" data-id=\"5cf98a2\" data-element_type=\"widget\" data-e-type=\"widget\" data-settings=\"{&quot;step_next_label&quot;:&quot;Next&quot;,&quot;step_previous_label&quot;:&quot;Previous&quot;,&quot;button_width&quot;:&quot;100&quot;,&quot;step_type&quot;:&quot;number_text&quot;,&quot;step_icon_shape&quot;:&quot;circle&quot;}\" data-no-translation=\"\" data-widget_type=\"form.default\">\n\t\t\t\t<div class=\"elementor-widget-container\">\n\t\t\t\t\t<style>.elementor-element-5cf98a2{display:none !important}<\/style>\t\t\t\t<\/div>\n\t\t\t\t<\/div>\n\t\t\t\t<div class=\"elementor-element elementor-element-27187d4 elementor-button-align-center elementor-mobile-button-align-center exad-sticky-section-no exad-glass-effect-no elementor-widget elementor-widget-form\" data-id=\"27187d4\" data-element_type=\"widget\" data-e-type=\"widget\" data-settings=\"{&quot;step_next_label&quot;:&quot;Next&quot;,&quot;step_previous_label&quot;:&quot;Previous&quot;,&quot;button_width&quot;:&quot;100&quot;,&quot;step_type&quot;:&quot;number_text&quot;,&quot;step_icon_shape&quot;:&quot;circle&quot;}\" data-no-translation=\"\" data-widget_type=\"form.default\">\n\t\t\t\t<div class=\"elementor-widget-container\">\n\t\t\t\t\t\t\t<form class=\"elementor-form\" method=\"post\" name=\"Contact_g\u00e9n\u00e9ral\">\n\t\t\t<input type=\"hidden\" name=\"post_id\" value=\"7832\"\/>\n\t\t\t<input type=\"hidden\" name=\"form_id\" value=\"27187d4\"\/>\n\t\t\t<input type=\"hidden\" name=\"referer_title\" value=\"\" \/>\n\n\t\t\t\n\t\t\t<div class=\"elementor-form-fields-wrapper elementor-labels-above\">\n\t\t\t\t\t\t\t\t<div class=\"elementor-field-type-text elementor-field-group elementor-column elementor-field-group-FirstLastName elementor-col-100 elementor-field-required\">\n\t\t\t\t\t\t\t\t\t\t\t\t<label for=\"form-field-FirstLastName\" class=\"elementor-field-label\">\n\t\t\t\t\t\t\t\tFirst and Last Name\t\t\t\t\t\t\t<\/label>\n\t\t\t\t\t\t\t\t\t\t\t\t\t\t<input size=\"1\" type=\"text\" name=\"form_fields[FirstLastName]\" id=\"form-field-FirstLastName\" class=\"elementor-field elementor-size-md  elementor-field-textual\" placeholder=\"Please Enter Your First and Last Name Here\" required=\"required\" aria-required=\"true\">\n\t\t\t\t\t\t\t\t\t\t\t<\/div>\n\t\t\t\t\t\t\t\t<div class=\"elementor-field-type-email elementor-field-group elementor-column elementor-field-group-email elementor-col-100 elementor-field-required\">\n\t\t\t\t\t\t\t\t\t\t\t\t<label for=\"form-field-email\" class=\"elementor-field-label\">\n\t\t\t\t\t\t\t\tEmail\t\t\t\t\t\t\t<\/label>\n\t\t\t\t\t\t\t\t\t\t\t\t\t\t<input size=\"1\" type=\"email\" name=\"form_fields[email]\" id=\"form-field-email\" class=\"elementor-field elementor-size-md  elementor-field-textual\" placeholder=\"Please Enter Your Email Address Here\" required=\"required\" aria-required=\"true\">\n\t\t\t\t\t\t\t\t\t\t\t<\/div>\n\t\t\t\t\t\t\t\t<div class=\"elementor-field-type-tel elementor-field-group elementor-column elementor-field-group-Phone elementor-col-100 elementor-field-required\">\n\t\t\t\t\t\t\t\t\t\t\t\t<label for=\"form-field-Phone\" class=\"elementor-field-label\">\n\t\t\t\t\t\t\t\tPhone\t\t\t\t\t\t\t<\/label>\n\t\t\t\t\t\t\t\t<input size=\"1\" type=\"tel\" name=\"form_fields[Phone]\" id=\"form-field-Phone\" class=\"elementor-field elementor-size-md  elementor-field-textual\" placeholder=\"Please Enter Your Phone Number here\" required=\"required\" aria-required=\"true\" pattern=\"[0-9()#&amp;+*-=.]+\" title=\"Only numbers and phone characters (#, -, *, etc) are accepted.\">\n\n\t\t\t\t\t\t<\/div>\n\t\t\t\t\t\t\t\t<div class=\"elementor-field-type-select elementor-field-group elementor-column elementor-field-group-subject elementor-col-100 elementor-field-required\">\n\t\t\t\t\t\t\t\t\t\t\t\t<label for=\"form-field-subject\" class=\"elementor-field-label\">\n\t\t\t\t\t\t\t\tContact Subject\t\t\t\t\t\t\t<\/label>\n\t\t\t\t\t\t\t\t<div class=\"elementor-field elementor-select-wrapper remove-before \">\n\t\t\t<div class=\"select-caret-down-wrapper\">\n\t\t\t\t<i aria-hidden=\"true\" class=\"eicon-caret-down\"><\/i>\t\t\t<\/div>\n\t\t\t<select name=\"form_fields[subject]\" id=\"form-field-subject\" class=\"elementor-field-textual elementor-size-md\" required=\"required\" aria-required=\"true\">\n\t\t\t\t\t\t\t\t\t<option value=\"Choose an option ...\">Choose an option ...<\/option>\n\t\t\t\t\t\t\t\t\t<option value=\"Oncology\">Oncology<\/option>\n\t\t\t\t\t\t\t\t\t<option value=\"Neurology\">Neurology<\/option>\n\t\t\t\t\t\t\t\t\t<option value=\"Rhumatology\">Rhumatology<\/option>\n\t\t\t\t\t\t\t\t\t<option value=\"Dermatology\">Dermatology<\/option>\n\t\t\t\t\t\t\t\t\t<option value=\"Gastroenterology\">Gastroenterology<\/option>\n\t\t\t\t\t\t\t\t\t<option value=\"Rares Diseases\">Rares Diseases<\/option>\n\t\t\t\t\t\t\t\t\t<option value=\"Insurance process\">Insurance process<\/option>\n\t\t\t\t\t\t\t\t\t<option value=\"Delivery follow-up\">Delivery follow-up<\/option>\n\t\t\t\t\t\t\t\t\t<option value=\"Specialized treatments\">Specialized treatments<\/option>\n\t\t\t\t\t\t\t\t\t<option value=\"Vaccination\">Vaccination<\/option>\n\t\t\t\t\t\t\t<\/select>\n\t\t<\/div>\n\t\t\t\t\t\t<\/div>\n\t\t\t\t\t\t\t\t<div class=\"elementor-field-type-textarea elementor-field-group elementor-column elementor-field-group-message elementor-col-100\">\n\t\t\t\t\t\t\t\t\t\t\t\t<label for=\"form-field-message\" class=\"elementor-field-label\">\n\t\t\t\t\t\t\t\tMessage\t\t\t\t\t\t\t<\/label>\n\t\t\t\t\t\t<textarea class=\"elementor-field-textual elementor-field  elementor-size-md\" name=\"form_fields[message]\" id=\"form-field-message\" rows=\"4\" placeholder=\"Message\"><\/textarea>\t\t\t\t<\/div>\n\t\t\t\t\t\t\t\t<div class=\"elementor-field-type-recaptcha_v3 elementor-field-group elementor-column elementor-field-group-field_7512449 elementor-col-100 recaptcha_v3-bottomright\">\n\t\t\t\t\t<div class=\"elementor-field\" id=\"form-field-field_7512449\"><div class=\"elementor-g-recaptcha\" data-sitekey=\"6LcxLPAUAAAAAHJBZY5ncEjKNCCndWpMBsr4C9L2\" data-type=\"v3\" data-action=\"Form\" data-badge=\"bottomright\" data-size=\"invisible\"><\/div><\/div>\t\t\t\t<\/div>\n\t\t\t\t\t\t\t\t<div class=\"elementor-field-group elementor-column elementor-field-type-submit elementor-col-100 e-form__buttons\">\n\t\t\t\t\t<button type=\"submit\" class=\"elementor-button elementor-size-sm elementor-animation-bob\">\n\t\t\t\t\t\t<span >\n\t\t\t\t\t\t\t\t\t\t\t\t\t\t\t<span class=\" elementor-button-icon\">\n\t\t\t\t\t\t\t\t\t\t\t\t\t\t\t\t\t\t\t\t\t\t\t\t\t\t<\/span>\n\t\t\t\t\t\t\t\t\t\t\t\t\t\t\t\t\t\t\t\t\t\t<span class=\"elementor-button-text\">Send<\/span>\n\t\t\t\t\t\t\t\t\t\t\t\t\t<\/span>\n\t\t\t\t\t<\/button>\n\t\t\t\t<\/div>\n\t\t\t<\/div>\n\t\t<\/form>\n\t\t\t\t\t\t<\/div>\n\t\t\t\t<\/div>\n\t\t\t\t\t<\/div>\n\t\t<\/div>\n\t\t\t\t\t<\/div>\n\t\t<\/section>\n\t\t\t\t<\/div>\n\t\t","protected":false},"excerpt":{"rendered":"<p>Contactez-nous partout au Qu\u00e9bec Succursale de Montr\u00e9al Adresse: 8500 D\u00e9carie, Suite 100, Montr\u00e9al, QC H4P 2N2 Heures d&rsquo;ouverture:Lundi au Vendredi de 8:30 &#8211; 19:00Samedi de 10:00 &#8211; 17:00 T\u00e9l\u00e9phone: 514-526-7773Sans frais: 1-844-526-7771Fax g\u00e9n\u00e9ral:\u00a0438-382-7500Fax st\u00e9rile: 514-312-9119 Courriel: info@spec-pharma.ca Succursale de Qu\u00e9bec Adresse: 2780 Henri-Bourassa, Qu\u00e9bec, QC, G1J 3X3 Heures d&rsquo;ouverture:Lundi au Vendredi de 9:00 &#8211; 17:00Fin [&hellip;]<\/p>\n","protected":false},"author":1,"featured_media":0,"parent":0,"menu_order":0,"comment_status":"closed","ping_status":"closed","template":"","meta":{"qubely_global_settings":"","qubely_interactions":"","footnotes":""},"class_list":["post-7832","page","type-page","status-publish","hentry"],"_links":{"self":[{"href":"https:\/\/spec-pharma.ca\/en\/wp-json\/wp\/v2\/pages\/7832","targetHints":{"allow":["GET"]}}],"collection":[{"href":"https:\/\/spec-pharma.ca\/en\/wp-json\/wp\/v2\/pages"}],"about":[{"href":"https:\/\/spec-pharma.ca\/en\/wp-json\/wp\/v2\/types\/page"}],"author":[{"embeddable":true,"href":"https:\/\/spec-pharma.ca\/en\/wp-json\/wp\/v2\/users\/1"}],"replies":[{"embeddable":true,"href":"https:\/\/spec-pharma.ca\/en\/wp-json\/wp\/v2\/comments?post=7832"}],"version-history":[{"count":98,"href":"https:\/\/spec-pharma.ca\/en\/wp-json\/wp\/v2\/pages\/7832\/revisions"}],"predecessor-version":[{"id":18631,"href":"https:\/\/spec-pharma.ca\/en\/wp-json\/wp\/v2\/pages\/7832\/revisions\/18631"}],"wp:attachment":[{"href":"https:\/\/spec-pharma.ca\/en\/wp-json\/wp\/v2\/media?parent=7832"}],"curies":[{"name":"wp","href":"https:\/\/api.w.org\/{rel}","templated":true}]}}